{"id":270,"date":"2024-09-06T15:49:18","date_gmt":"2024-09-06T15:49:18","guid":{"rendered":"https:\/\/playaero.co\/?page_id=270"},"modified":"2024-11-05T11:21:37","modified_gmt":"2024-11-05T11:21:37","slug":"about-aero","status":"publish","type":"page","link":"https:\/\/playaero.co\/es\/about-aero\/","title":{"rendered":"Acerca de AERO"},"content":{"rendered":"<div data-elementor-type=\"wp-page\" data-elementor-id=\"270\" class=\"elementor elementor-270\" data-elementor-post-type=\"page\">\n\t\t\t\t\t\t<section class=\"elementor-section elementor-top-section elementor-element elementor-element-14748a51 elementor-section-boxed elementor-section-height-default elementor-section-height-default\" data-id=\"14748a51\" data-element_type=\"section\">\n\t\t\t\t\t\t\t<div class=\"elementor-background-overlay\"><\/div>\n\t\t\t\t\t\t\t<div class=\"elementor-container elementor-column-gap-no\">\n\t\t\t\t\t<div class=\"elementor-column elementor-col-50 elementor-top-column elementor-element elementor-element-2783ad47\" data-id=\"2783ad47\" data-element_type=\"column\">\n\t\t\t<div class=\"elementor-widget-wrap elementor-element-populated\">\n\t\t\t\t\t\t<div class=\"elementor-element elementor-element-44076523 elementor-widget elementor-widget-image\" data-id=\"44076523\" data-element_type=\"widget\" data-widget_type=\"image.default\">\n\t\t\t\t<div class=\"elementor-widget-container\">\n\t\t\t\t\t\t\t\t\t\t\t\t\t\t\t<img fetchpriority=\"high\" decoding=\"async\" width=\"2560\" height=\"1152\" src=\"https:\/\/playaero.co\/wp-content\/uploads\/2024\/08\/Editable-scaled.webp\" class=\"attachment-full size-full wp-image-134\" alt=\"\" srcset=\"https:\/\/playaero.co\/wp-content\/uploads\/2024\/08\/Editable-scaled.webp 2560w, https:\/\/playaero.co\/wp-content\/uploads\/2024\/08\/Editable-300x135.webp 300w, https:\/\/playaero.co\/wp-content\/uploads\/2024\/08\/Editable-1024x461.webp 1024w, https:\/\/playaero.co\/wp-content\/uploads\/2024\/08\/Editable-768x345.webp 768w, https:\/\/playaero.co\/wp-content\/uploads\/2024\/08\/Editable-1536x691.webp 1536w, https:\/\/playaero.co\/wp-content\/uploads\/2024\/08\/Editable-2048x921.webp 2048w\" sizes=\"(max-width: 2560px) 100vw, 2560px\" \/>\t\t\t\t\t\t\t\t\t\t\t\t\t\t\t<\/div>\n\t\t\t\t<\/div>\n\t\t\t\t<div class=\"elementor-element elementor-element-57b0799e e-transform elementor-widget elementor-widget-image\" data-id=\"57b0799e\" data-element_type=\"widget\" data-settings=\"{&quot;_transform_rotateZ_effect&quot;:{&quot;unit&quot;:&quot;px&quot;,&quot;size&quot;:-5,&quot;sizes&quot;:[]},&quot;_transform_rotateZ_effect_tablet&quot;:{&quot;unit&quot;:&quot;deg&quot;,&quot;size&quot;:&quot;&quot;,&quot;sizes&quot;:[]},&quot;_transform_rotateZ_effect_mobile&quot;:{&quot;unit&quot;:&quot;deg&quot;,&quot;size&quot;:&quot;&quot;,&quot;sizes&quot;:[]}}\" data-widget_type=\"image.default\">\n\t\t\t\t<div class=\"elementor-widget-container\">\n\t\t\t\t\t\t\t\t\t\t\t\t\t\t\t<img decoding=\"async\" width=\"780\" height=\"783\" src=\"https:\/\/playaero.co\/wp-content\/uploads\/2024\/08\/Untitlrred-1.webp\" class=\"attachment-full size-full wp-image-158\" alt=\"\" srcset=\"https:\/\/playaero.co\/wp-content\/uploads\/2024\/08\/Untitlrred-1.webp 780w, https:\/\/playaero.co\/wp-content\/uploads\/2024\/08\/Untitlrred-1-300x300.webp 300w, https:\/\/playaero.co\/wp-content\/uploads\/2024\/08\/Untitlrred-1-150x150.webp 150w, https:\/\/playaero.co\/wp-content\/uploads\/2024\/08\/Untitlrred-1-768x771.webp 768w\" sizes=\"(max-width: 780px) 100vw, 780px\" \/>\t\t\t\t\t\t\t\t\t\t\t\t\t\t\t<\/div>\n\t\t\t\t<\/div>\n\t\t\t\t<div class=\"elementor-element elementor-element-1e7b1003 e-transform elementor-hidden-mobile elementor-widget elementor-widget-image\" data-id=\"1e7b1003\" data-element_type=\"widget\" data-settings=\"{&quot;_transform_rotateZ_effect&quot;:{&quot;unit&quot;:&quot;px&quot;,&quot;size&quot;:5,&quot;sizes&quot;:[]},&quot;_transform_rotateZ_effect_tablet&quot;:{&quot;unit&quot;:&quot;deg&quot;,&quot;size&quot;:&quot;&quot;,&quot;sizes&quot;:[]},&quot;_transform_rotateZ_effect_mobile&quot;:{&quot;unit&quot;:&quot;deg&quot;,&quot;size&quot;:&quot;&quot;,&quot;sizes&quot;:[]}}\" data-widget_type=\"image.default\">\n\t\t\t\t<div class=\"elementor-widget-container\">\n\t\t\t\t\t\t\t\t\t\t\t\t\t\t\t<img decoding=\"async\" width=\"780\" height=\"783\" src=\"https:\/\/playaero.co\/wp-content\/uploads\/2024\/08\/Uneeeeetitled-1.webp\" class=\"attachment-full size-full wp-image-189\" alt=\"\" srcset=\"https:\/\/playaero.co\/wp-content\/uploads\/2024\/08\/Uneeeeetitled-1.webp 780w, https:\/\/playaero.co\/wp-content\/uploads\/2024\/08\/Uneeeeetitled-1-300x300.webp 300w, https:\/\/playaero.co\/wp-content\/uploads\/2024\/08\/Uneeeeetitled-1-150x150.webp 150w, https:\/\/playaero.co\/wp-content\/uploads\/2024\/08\/Uneeeeetitled-1-768x771.webp 768w\" sizes=\"(max-width: 780px) 100vw, 780px\" \/>\t\t\t\t\t\t\t\t\t\t\t\t\t\t\t<\/div>\n\t\t\t\t<\/div>\n\t\t\t\t\t<\/div>\n\t\t<\/div>\n\t\t\t\t<div class=\"elementor-column elementor-col-50 elementor-top-column elementor-element elementor-element-4a7cef40\" data-id=\"4a7cef40\" data-element_type=\"column\">\n\t\t\t<div class=\"elementor-widget-wrap elementor-element-populated\">\n\t\t\t\t\t\t<div class=\"elementor-element elementor-element-2c5b6633 elementor-widget elementor-widget-heading\" data-id=\"2c5b6633\" data-element_type=\"widget\" data-widget_type=\"heading.default\">\n\t\t\t\t<div class=\"elementor-widget-container\">\n\t\t\t\t\t<h3 class=\"elementor-heading-title elementor-size-default\">Acerca de Aero<\/h3>\t\t\t\t<\/div>\n\t\t\t\t<\/div>\n\t\t\t\t<div class=\"elementor-element elementor-element-3d7f0517 elementor-widget elementor-widget-text-editor\" data-id=\"3d7f0517\" data-element_type=\"widget\" data-widget_type=\"text-editor.default\">\n\t\t\t\t<div class=\"elementor-widget-container\">\n\t\t\t\t\t\t\t\t\t<p class=\" translation-block\"><span style=\"font-weight: 400\">AERO es un innovador minijuego desarrollado por Upgaming, dise\u00f1ado para brindar a los jugadores una experiencia de juego emocionante y din\u00e1mica. <span style=\"color: #3366ff\"><a style=\"color: #3366ff\" href=\"https:\/\/playaero.co\/\" target=\"_self\">Play AERO<\/a><\/span> se destaca en la industria al ser coronado como el \"Mejor juego de choque\" de 2023 en los prestigiosos premios SiGMA Europe Awards, un testimonio de su excepcional jugabilidad y dise\u00f1o creativo. Con un formato r\u00e1pido y atractivo, AERO contin\u00faa cautivando a jugadores de todo el mundo, estableciendo nuevos est\u00e1ndares para los juegos de choque y redefiniendo lo que un minijuego puede lograr.<\/span><\/p><p><span style=\"font-weight: 400;\">Lanzado en septiembre de 2023, \u201cAero\u201d se convirti\u00f3 r\u00e1pidamente en el favorito entre los amantes de los videojuegos, debido a su combinaci\u00f3n \u00fanica de simplicidad y emoci\u00f3n. El juego pone a los jugadores en control de la eyecci\u00f3n de un piloto de una aeronave, desafi\u00e1ndolos a evitar un choque en una experiencia de ritmo r\u00e1pido y llena de adrenalina. Su dise\u00f1o minimalista pero en\u00e9rgico, combinado con una jugabilidad intuitiva que es f\u00e1cil de entender incluso para los principiantes, le ha ganado un lugar \u00fanico en la comunidad de jugadores. <\/span><\/p>\t\t\t\t\t\t\t\t<\/div>\n\t\t\t\t<\/div>\n\t\t<div class=\"elementor-element elementor-element-2684271 e-con-full elementor-hidden-mobile e-flex e-con e-child\" data-id=\"2684271\" data-element_type=\"container\">\n\t\t<div class=\"elementor-element elementor-element-d59f9d6 e-con-full e-flex e-con e-child\" data-id=\"d59f9d6\" data-element_type=\"container\">\n\t\t\t\t<div class=\"elementor-element elementor-element-dd8ca13 elementor-widget__width-auto elementor-widget elementor-widget-counter\" data-id=\"dd8ca13\" data-element_type=\"widget\" data-widget_type=\"counter.default\">\n\t\t\t\t<div class=\"elementor-widget-container\">\n\t\t\t\t\t\t\t<div class=\"elementor-counter\">\n\t\t\t<div class=\"elementor-counter-title\">Min.bet<\/div>\t\t\t<div class=\"elementor-counter-number-wrapper\">\n\t\t\t\t<span class=\"elementor-counter-number-prefix\"><\/span>\n\t\t\t\t<span class=\"elementor-counter-number\" data-duration=\"2000\" data-to-value=\"0.1\" data-from-value=\"\" data-delimiter=\",\"><\/span>\n\t\t\t\t<span class=\"elementor-counter-number-suffix\"> USD<\/span>\n\t\t\t<\/div>\n\t\t<\/div>\n\t\t\t\t\t\t<\/div>\n\t\t\t\t<\/div>\n\t\t\t\t<\/div>\n\t\t<div class=\"elementor-element elementor-element-56b516b e-con-full e-flex e-con e-child\" data-id=\"56b516b\" data-element_type=\"container\">\n\t\t\t\t<div class=\"elementor-element elementor-element-ade9524 elementor-widget__width-auto elementor-widget elementor-widget-counter\" data-id=\"ade9524\" data-element_type=\"widget\" data-widget_type=\"counter.default\">\n\t\t\t\t<div class=\"elementor-widget-container\">\n\t\t\t\t\t\t\t<div class=\"elementor-counter\">\n\t\t\t<div class=\"elementor-counter-title\">Max. Bet<\/div>\t\t\t<div class=\"elementor-counter-number-wrapper\">\n\t\t\t\t<span class=\"elementor-counter-number-prefix\"><\/span>\n\t\t\t\t<span class=\"elementor-counter-number\" data-duration=\"2000\" data-to-value=\"10000\" data-from-value=\"0\" data-delimiter=\",\">0<\/span>\n\t\t\t\t<span class=\"elementor-counter-number-suffix\"> USD<\/span>\n\t\t\t<\/div>\n\t\t<\/div>\n\t\t\t\t\t\t<\/div>\n\t\t\t\t<\/div>\n\t\t\t\t<\/div>\n\t\t<div class=\"elementor-element elementor-element-9ef040c e-con-full e-flex e-con e-child\" data-id=\"9ef040c\" data-element_type=\"container\">\n\t\t\t\t<div class=\"elementor-element elementor-element-e9e4d1b elementor-widget__width-auto elementor-widget elementor-widget-counter\" data-id=\"e9e4d1b\" data-element_type=\"widget\" data-widget_type=\"counter.default\">\n\t\t\t\t<div class=\"elementor-widget-container\">\n\t\t\t\t\t\t\t<div class=\"elementor-counter\">\n\t\t\t<div class=\"elementor-counter-title\">RTP<\/div>\t\t\t<div class=\"elementor-counter-number-wrapper\">\n\t\t\t\t<span class=\"elementor-counter-number-prefix\"><\/span>\n\t\t\t\t<span class=\"elementor-counter-number\" data-duration=\"2000\" data-to-value=\"95.9\" data-from-value=\"0\" data-delimiter=\",\">0<\/span>\n\t\t\t\t<span class=\"elementor-counter-number-suffix\">%<\/span>\n\t\t\t<\/div>\n\t\t<\/div>\n\t\t\t\t\t\t<\/div>\n\t\t\t\t<\/div>\n\t\t\t\t<\/div>\n\t\t\t\t<\/div>\n\t\t\t\t<div class=\"elementor-element elementor-element-2563cb1 elementor-align-left elementor-tablet-align-center elementor-widget elementor-widget-button\" data-id=\"2563cb1\" data-element_type=\"widget\" data-widget_type=\"button.default\">\n\t\t\t\t<div class=\"elementor-widget-container\">\n\t\t\t\t\t\t\t\t\t<div class=\"elementor-button-wrapper\">\n\t\t\t\t\t<a class=\"elementor-button elementor-button-link elementor-size-sm elementor-animation-bob\" href=\"https:\/\/playaero.co\/es\/go\/upgaming-com\/\">\n\t\t\t\t\t\t<span class=\"elementor-button-content-wrapper\">\n\t\t\t\t\t\t<span class=\"elementor-button-icon\">\n\t\t\t\t<i aria-hidden=\"true\" class=\"icon icon-right-arrow\"><\/i>\t\t\t<\/span>\n\t\t\t\t\t\t\t\t\t<span class=\"elementor-button-text\">Upgaming<\/span>\n\t\t\t\t\t<\/span>\n\t\t\t\t\t<\/a>\n\t\t\t\t<\/div>\n\t\t\t\t\t\t\t\t<\/div>\n\t\t\t\t<\/div>\n\t\t\t\t\t<\/div>\n\t\t<\/div>\n\t\t\t\t\t<\/div>\n\t\t<\/section>\n\t\t\t\t<\/div>","protected":false},"excerpt":{"rendered":"<p>About Aero\u200b AERO is an innovative mini-game developed by Upgaming, designed to provide players with a thrilling and dynamic gaming experience. Play AERO stands out in the industry as it was crowned the &#8220;Best Crash Game&#8221; of 2023 at the prestigious SiGMA Europe Awards, a testament to its exceptional gameplay and creative design. With a [&hellip;]<\/p>","protected":false},"author":1,"featured_media":0,"parent":0,"menu_order":0,"comment_status":"closed","ping_status":"closed","template":"elementor_header_footer","meta":{"footnotes":""},"class_list":["post-270","page","type-page","status-publish","hentry"],"_links":{"self":[{"href":"https:\/\/playaero.co\/es\/wp-json\/wp\/v2\/pages\/270","targetHints":{"allow":["GET"]}}],"collection":[{"href":"https:\/\/playaero.co\/es\/wp-json\/wp\/v2\/pages"}],"about":[{"href":"https:\/\/playaero.co\/es\/wp-json\/wp\/v2\/types\/page"}],"author":[{"embeddable":true,"href":"https:\/\/playaero.co\/es\/wp-json\/wp\/v2\/users\/1"}],"replies":[{"embeddable":true,"href":"https:\/\/playaero.co\/es\/wp-json\/wp\/v2\/comments?post=270"}],"version-history":[{"count":0,"href":"https:\/\/playaero.co\/es\/wp-json\/wp\/v2\/pages\/270\/revisions"}],"wp:attachment":[{"href":"https:\/\/playaero.co\/es\/wp-json\/wp\/v2\/media?parent=270"}],"curies":[{"name":"wp","href":"https:\/\/api.w.org\/{rel}","templated":true}]}}